{"id":205,"date":"2024-12-30T03:43:11","date_gmt":"2024-12-30T03:43:11","guid":{"rendered":"https:\/\/razorwiremachines.com\/?page_id=205"},"modified":"2025-01-03T08:53:17","modified_gmt":"2025-01-03T08:53:17","slug":"hakkimizda","status":"publish","type":"page","link":"https:\/\/razorwiremachines.com\/tr\/hakkimizda\/","title":{"rendered":"Hakk\u0131m\u0131zda"},"content":{"rendered":"<div data-elementor-type=\"wp-page\" data-elementor-id=\"205\" class=\"elementor elementor-205\" data-elementor-post-type=\"page\">\n\t\t\t\t<div class=\"elementor-element elementor-element-c33200a e-con-full e-flex e-con e-parent\" data-id=\"c33200a\" data-element_type=\"container\" data-settings=\"{&quot;background_background&quot;:&quot;classic&quot;}\">\n\t\t<div class=\"elementor-element elementor-element-3173d806 e-flex e-con-boxed e-con e-child\" data-id=\"3173d806\" data-element_type=\"container\">\n\t\t\t\t\t<div class=\"e-con-inner\">\n\t\t\t\t\t<\/div>\n\t\t\t\t<\/div>\n\t\t\t\t<\/div>\n\t\t<div class=\"elementor-element elementor-element-9d1d21a e-flex e-con-boxed e-con e-parent\" data-id=\"9d1d21a\" data-element_type=\"container\">\n\t\t\t\t\t<div class=\"e-con-inner\">\n\t\t\t\t<div class=\"elementor-element elementor-element-caac94d elementor-widget elementor-widget-template\" data-id=\"caac94d\" data-element_type=\"widget\" data-widget_type=\"template.default\">\n\t\t\t\t<div class=\"elementor-widget-container\">\n\t\t\t\t\t\t\t<div class=\"elementor-template\">\n\t\t\t\t\t<div data-elementor-type=\"container\" data-elementor-id=\"540\" class=\"elementor elementor-540\" data-elementor-post-type=\"elementor_library\">\n\t\t\t\t<div class=\"elementor-element elementor-element-4aad01e2 e-flex e-con-boxed e-con e-parent\" data-id=\"4aad01e2\" data-element_type=\"container\">\n\t\t\t\t\t<div class=\"e-con-inner\">\n\t\t<div class=\"elementor-element elementor-element-72abb856 e-con-full e-flex e-con e-child\" data-id=\"72abb856\" data-element_type=\"container\">\n\t\t<div class=\"elementor-element elementor-element-52d4c1e8 e-con-full e-flex e-con e-child\" data-id=\"52d4c1e8\" data-element_type=\"container\" data-settings=\"{&quot;background_background&quot;:&quot;classic&quot;}\">\n\t\t\t\t<\/div>\n\t\t<div class=\"elementor-element elementor-element-6bb15c e-con-full e-flex e-con e-child\" data-id=\"6bb15c\" data-element_type=\"container\">\n\t\t\t\t<div class=\"elementor-element elementor-element-5b6cdb78 elementor-icon-list--layout-traditional elementor-list-item-link-full_width elementor-widget elementor-widget-icon-list\" data-id=\"5b6cdb78\" data-element_type=\"widget\" data-widget_type=\"icon-list.default\">\n\t\t\t\t<div class=\"elementor-widget-container\">\n\t\t\t\t\t\t\t<ul class=\"elementor-icon-list-items\">\n\t\t\t\t\t\t\t<li class=\"elementor-icon-list-item\">\n\t\t\t\t\t\t\t\t\t\t\t<span class=\"elementor-icon-list-icon\">\n\t\t\t\t\t\t\t<svg xmlns=\"http:\/\/www.w3.org\/2000\/svg\" id=\"Layer_2\" data-name=\"Layer 2\" viewbox=\"0 0 498.14 336.12\"><defs><style>      .cls-1 {        fill: #b02b2c;      }    <\/style><\/defs><g id=\"Layer_1-2\" data-name=\"Layer 1\"><path class=\"cls-1\" d=\"M357.46,264.1v-120.04l40.33-60.02V0h-67.22v48.02h-40.33V0h-67.22v48.02h-40.33V0h-67.22v84.03l40.33,60.02v120.04H26.14L0,336.12h223.01v-102.04c0-16.57,15.05-30.01,33.61-30.01s33.61,13.44,33.61,30.01v102.04h183.9l24-72.03h-140.68Z\"><\/path><\/g><\/svg>\t\t\t\t\t\t<\/span>\n\t\t\t\t\t\t\t\t\t\t<span class=\"elementor-icon-list-text\">Bizi Tan\u0131y\u0131n<\/span>\n\t\t\t\t\t\t\t\t\t<\/li>\n\t\t\t\t\t\t<\/ul>\n\t\t\t\t\t\t<\/div>\n\t\t\t\t<\/div>\n\t\t\t\t<div class=\"elementor-element elementor-element-c47ea19 elementor-widget__width-initial elementor-headline--style-highlight elementor-widget elementor-widget-animated-headline\" data-id=\"c47ea19\" data-element_type=\"widget\" data-settings=\"{&quot;highlighted_text&quot;:&quot;AKOR Makina&quot;,&quot;headline_style&quot;:&quot;highlight&quot;,&quot;marker&quot;:&quot;circle&quot;,&quot;highlight_animation_duration&quot;:1200}\" data-widget_type=\"animated-headline.default\">\n\t\t\t\t<div class=\"elementor-widget-container\">\n\t\t\t\t\t\t\t<h2 class=\"elementor-headline\">\n\t\t\t\t\t<span class=\"elementor-headline-plain-text elementor-headline-text-wrapper\">Hakk\u0131nda<\/span>\n\t\t\t\t<span class=\"elementor-headline-dynamic-wrapper elementor-headline-text-wrapper\">\n\t\t\t\t\t<span class=\"elementor-headline-dynamic-text elementor-headline-text-active\">AKOR Makina<\/span>\n\t\t\t\t<\/span>\n\t\t\t\t<\/h2>\n\t\t\t\t\t\t<\/div>\n\t\t\t\t<\/div>\n\t\t\t\t<div class=\"elementor-element elementor-element-44aeadcf elementor-widget__width-initial elementor-widget elementor-widget-text-editor\" data-id=\"44aeadcf\" data-element_type=\"widget\" data-widget_type=\"text-editor.default\">\n\t\t\t\t<div class=\"elementor-widget-container\">\n\t\t\t\t\t\t\t\t\t<p>AKOR Makina&#039;da, son teknoloji jiletli tel \u00fcretim hatlar\u0131n\u0131n \u00f6nde gelen \u00fcreticisiyiz. Y\u0131llar\u0131n deneyimi ve inovasyona olan ba\u011fl\u0131l\u0131\u011f\u0131m\u0131zla, m\u00fc\u015fterilerimize en y\u00fcksek end\u00fcstri standartlar\u0131n\u0131 kar\u015f\u0131layan y\u00fcksek kaliteli, g\u00fcvenilir ve uygun maliyetli \u00e7\u00f6z\u00fcmler sunuyoruz. M\u00fc\u015fterilerimizle uzun vadeli ortakl\u0131klar kurmaya, t\u00fcm proje ya\u015fam d\u00f6ng\u00fcs\u00fc boyunca ola\u011fan\u00fcst\u00fc hizmet ve destek sa\u011flamaya \u00e7al\u0131\u015f\u0131yoruz.<\/p>\t\t\t\t\t\t\t\t<\/div>\n\t\t\t\t<\/div>\n\t\t\t\t<\/div>\n\t\t<div class=\"elementor-element elementor-element-4d76202f e-con-full e-flex e-con e-child\" data-id=\"4d76202f\" data-element_type=\"container\">\n\t\t\t\t<div class=\"elementor-element elementor-element-5dfeea30 elementor-widget__width-initial elementor-widget elementor-widget-counter\" data-id=\"5dfeea30\" data-element_type=\"widget\" data-widget_type=\"counter.default\">\n\t\t\t\t<div class=\"elementor-widget-container\">\n\t\t\t\t\t\t\t<div class=\"elementor-counter\">\n\t\t\t<div class=\"elementor-counter-title\">\u00fclkeler <\/div>\t\t\t<div class=\"elementor-counter-number-wrapper\">\n\t\t\t\t<span class=\"elementor-counter-number-prefix\"><\/span>\n\t\t\t\t<span class=\"elementor-counter-number\" data-duration=\"2000\" data-to-value=\"46\" data-from-value=\"0\" data-delimiter=\",\">0<\/span>\n\t\t\t\t<span class=\"elementor-counter-number-suffix\"><\/span>\n\t\t\t<\/div>\n\t\t<\/div>\n\t\t\t\t\t\t<\/div>\n\t\t\t\t<\/div>\n\t\t\t\t<div class=\"elementor-element elementor-element-63bc7dd5 elementor-widget__width-initial elementor-widget elementor-widget-counter\" data-id=\"63bc7dd5\" data-element_type=\"widget\" data-widget_type=\"counter.default\">\n\t\t\t\t<div class=\"elementor-widget-container\">\n\t\t\t\t\t\t\t<div class=\"elementor-counter\">\n\t\t\t<div class=\"elementor-counter-title\">\u00dcretim alan\u0131<\/div>\t\t\t<div class=\"elementor-counter-number-wrapper\">\n\t\t\t\t<span class=\"elementor-counter-number-prefix\"><\/span>\n\t\t\t\t<span class=\"elementor-counter-number\" data-duration=\"2000\" data-to-value=\"2600\" data-from-value=\"2580\" data-delimiter=\",\">2580<\/span>\n\t\t\t\t<span class=\"elementor-counter-number-suffix\">m\u00b2<\/span>\n\t\t\t<\/div>\n\t\t<\/div>\n\t\t\t\t\t\t<\/div>\n\t\t\t\t<\/div>\n\t\t\t\t<div class=\"elementor-element elementor-element-3f3b9ee5 elementor-widget__width-initial elementor-widget elementor-widget-counter\" data-id=\"3f3b9ee5\" data-element_type=\"widget\" data-widget_type=\"counter.default\">\n\t\t\t\t<div class=\"elementor-widget-container\">\n\t\t\t\t\t\t\t<div class=\"elementor-counter\">\n\t\t\t<div class=\"elementor-counter-title\">y\u0131llar\u0131n deneyimi <\/div>\t\t\t<div class=\"elementor-counter-number-wrapper\">\n\t\t\t\t<span class=\"elementor-counter-number-prefix\"><\/span>\n\t\t\t\t<span class=\"elementor-counter-number\" data-duration=\"2000\" data-to-value=\"18\" data-from-value=\"0\" data-delimiter=\",\">0<\/span>\n\t\t\t\t<span class=\"elementor-counter-number-suffix\">+<\/span>\n\t\t\t<\/div>\n\t\t<\/div>\n\t\t\t\t\t\t<\/div>\n\t\t\t\t<\/div>\n\t\t\t\t<div class=\"elementor-element elementor-element-3d152787 elementor-widget__width-initial elementor-widget elementor-widget-counter\" data-id=\"3d152787\" data-element_type=\"widget\" data-widget_type=\"counter.default\">\n\t\t\t\t<div class=\"elementor-widget-container\">\n\t\t\t\t\t\t\t<div class=\"elementor-counter\">\n\t\t\t<div class=\"elementor-counter-title\">Memnuniyet Oran\u0131<\/div>\t\t\t<div class=\"elementor-counter-number-wrapper\">\n\t\t\t\t<span class=\"elementor-counter-number-prefix\"><\/span>\n\t\t\t\t<span class=\"elementor-counter-number\" data-duration=\"2000\" data-to-value=\"99\" data-from-value=\"0\" data-delimiter=\",\">0<\/span>\n\t\t\t\t<span class=\"elementor-counter-number-suffix\">%<\/span>\n\t\t\t<\/div>\n\t\t<\/div>\n\t\t\t\t\t\t<\/div>\n\t\t\t\t<\/div>\n\t\t\t\t<\/div>\n\t\t\t\t<\/div>\n\t\t\t\t\t<\/div>\n\t\t\t\t<\/div>\n\t\t\t\t<\/div>\n\t\t\t\t<\/div>\n\t\t\t\t\t\t<\/div>\n\t\t\t\t<\/div>\n\t\t\t\t\t<\/div>\n\t\t\t\t<\/div>\n\t\t<div class=\"elementor-element elementor-element-c59fd33 e-flex e-con-boxed e-con e-parent\" data-id=\"c59fd33\" data-element_type=\"container\" data-settings=\"{&quot;background_background&quot;:&quot;classic&quot;}\">\n\t\t\t\t\t<div class=\"e-con-inner\">\n\t\t<div class=\"elementor-element elementor-element-f880b2a e-con-full e-flex e-con e-child\" data-id=\"f880b2a\" data-element_type=\"container\">\n\t\t\t\t<div class=\"elementor-element elementor-element-263e35c elementor-widget__width-initial elementor-headline--style-highlight elementor-widget elementor-widget-animated-headline\" data-id=\"263e35c\" data-element_type=\"widget\" data-settings=\"{&quot;highlighted_text&quot;:&quot;AKOR Makina&quot;,&quot;headline_style&quot;:&quot;highlight&quot;,&quot;marker&quot;:&quot;circle&quot;,&quot;highlight_animation_duration&quot;:1200}\" data-widget_type=\"animated-headline.default\">\n\t\t\t\t<div class=\"elementor-widget-container\">\n\t\t\t\t\t\t\t<h2 class=\"elementor-headline\">\n\t\t\t\t\t<span class=\"elementor-headline-plain-text elementor-headline-text-wrapper\">Neden se\u00e7melisiniz?<\/span>\n\t\t\t\t<span class=\"elementor-headline-dynamic-wrapper elementor-headline-text-wrapper\">\n\t\t\t\t\t<span class=\"elementor-headline-dynamic-text elementor-headline-text-active\">AKOR Makina<\/span>\n\t\t\t\t<\/span>\n\t\t\t\t<\/h2>\n\t\t\t\t\t\t<\/div>\n\t\t\t\t<\/div>\n\t\t\t\t<\/div>\n\t\t<div class=\"elementor-element elementor-element-27f0582 e-con-full e-flex e-con e-child\" data-id=\"27f0582\" data-element_type=\"container\">\n\t\t<div class=\"elementor-element elementor-element-bde79fa e-con-full e-flex e-con e-child\" data-id=\"bde79fa\" data-element_type=\"container\" data-settings=\"{&quot;background_background&quot;:&quot;classic&quot;}\">\n\t\t\t\t<div class=\"elementor-element elementor-element-8cf04c2 elementor-widget elementor-widget-image\" data-id=\"8cf04c2\" data-element_type=\"widget\" data-widget_type=\"image.default\">\n\t\t\t\t<div class=\"elementor-widget-container\">\n\t\t\t\t\t\t\t\t\t\t\t\t\t\t\t<img fetchpriority=\"high\" decoding=\"async\" width=\"512\" height=\"512\" src=\"https:\/\/razorwiremachines.com\/wp-content\/uploads\/2024\/12\/technology.webp\" class=\"elementor-animation-pop attachment-full size-full wp-image-365\" alt=\"\" srcset=\"https:\/\/razorwiremachines.com\/wp-content\/uploads\/2024\/12\/technology.webp 512w, https:\/\/razorwiremachines.com\/wp-content\/uploads\/2024\/12\/technology-300x300.webp 300w, https:\/\/razorwiremachines.com\/wp-content\/uploads\/2024\/12\/technology-150x150.webp 150w\" sizes=\"(max-width: 512px) 100vw, 512px\" title=\"\">\t\t\t\t\t\t\t\t\t\t\t\t\t\t\t<\/div>\n\t\t\t\t<\/div>\n\t\t\t\t<div class=\"elementor-element elementor-element-fdcc919 elementor-widget elementor-widget-image-box\" data-id=\"fdcc919\" data-element_type=\"widget\" data-widget_type=\"image-box.default\">\n\t\t\t\t<div class=\"elementor-widget-container\">\n\t\t\t\t\t<div class=\"elementor-image-box-wrapper\"><div class=\"elementor-image-box-content\"><h3 class=\"elementor-image-box-title\">Son Teknoloji<\/h3><p class=\"elementor-image-box-description\"><span style=\"font-family: -webkit-standard;font-size: medium\">AKOR Makina, verimlili\u011fi, hassasiyeti ve genel \u00fcretimi art\u0131ran son teknoloji \u00e7\u00f6z\u00fcmler sunarak, jiletli tel \u00fcretim teknolojisinin s\u0131n\u0131rlar\u0131n\u0131 s\u00fcrekli zorluyor.<\/span><\/p><\/div><\/div>\t\t\t\t<\/div>\n\t\t\t\t<\/div>\n\t\t\t\t<\/div>\n\t\t<div class=\"elementor-element elementor-element-5141ae4 e-con-full e-flex e-con e-child\" data-id=\"5141ae4\" data-element_type=\"container\" data-settings=\"{&quot;background_background&quot;:&quot;classic&quot;}\">\n\t\t\t\t<div class=\"elementor-element elementor-element-09f6af4 elementor-widget elementor-widget-image\" data-id=\"09f6af4\" data-element_type=\"widget\" data-widget_type=\"image.default\">\n\t\t\t\t<div class=\"elementor-widget-container\">\n\t\t\t\t\t\t\t\t\t\t\t\t\t\t\t<img decoding=\"async\" width=\"512\" height=\"512\" src=\"https:\/\/razorwiremachines.com\/wp-content\/uploads\/2024\/12\/reliability.webp\" class=\"attachment-full size-full wp-image-364\" alt=\"\" srcset=\"https:\/\/razorwiremachines.com\/wp-content\/uploads\/2024\/12\/reliability.webp 512w, https:\/\/razorwiremachines.com\/wp-content\/uploads\/2024\/12\/reliability-300x300.webp 300w, https:\/\/razorwiremachines.com\/wp-content\/uploads\/2024\/12\/reliability-150x150.webp 150w\" sizes=\"(max-width: 512px) 100vw, 512px\" title=\"\">\t\t\t\t\t\t\t\t\t\t\t\t\t\t\t<\/div>\n\t\t\t\t<\/div>\n\t\t\t\t<div class=\"elementor-element elementor-element-b346e1d elementor-widget elementor-widget-image-box\" data-id=\"b346e1d\" data-element_type=\"widget\" data-widget_type=\"image-box.default\">\n\t\t\t\t<div class=\"elementor-widget-container\">\n\t\t\t\t\t<div class=\"elementor-image-box-wrapper\"><div class=\"elementor-image-box-content\"><h3 class=\"elementor-image-box-title\">E\u015fsiz G\u00fcvenilirlik<\/h3><p class=\"elementor-image-box-description\"><span style=\"font-family: -webkit-standard;font-size: medium\">AKOR Makina, y\u0131llar\u0131n deneyimi ve g\u00fc\u00e7l\u00fc ba\u015far\u0131 ge\u00e7mi\u015fiyle, duru\u015f s\u00fcresini en aza indiren ve verimlili\u011fi en \u00fcst d\u00fczeye \u00e7\u0131karan sa\u011flam ve g\u00fcvenilir makineler sunar.<\/span><\/p><\/div><\/div>\t\t\t\t<\/div>\n\t\t\t\t<\/div>\n\t\t\t\t<\/div>\n\t\t<div class=\"elementor-element elementor-element-480e7fe e-con-full e-flex e-con e-child\" data-id=\"480e7fe\" data-element_type=\"container\" data-settings=\"{&quot;background_background&quot;:&quot;classic&quot;}\">\n\t\t\t\t<div class=\"elementor-element elementor-element-1e90adc elementor-widget elementor-widget-image\" data-id=\"1e90adc\" data-element_type=\"widget\" data-widget_type=\"image.default\">\n\t\t\t\t<div class=\"elementor-widget-container\">\n\t\t\t\t\t\t\t\t\t\t\t\t\t\t\t<img decoding=\"async\" width=\"512\" height=\"512\" src=\"https:\/\/razorwiremachines.com\/wp-content\/uploads\/2024\/12\/customer-service.webp\" class=\"attachment-full size-full wp-image-363\" alt=\"\" srcset=\"https:\/\/razorwiremachines.com\/wp-content\/uploads\/2024\/12\/customer-service.webp 512w, https:\/\/razorwiremachines.com\/wp-content\/uploads\/2024\/12\/customer-service-300x300.webp 300w, https:\/\/razorwiremachines.com\/wp-content\/uploads\/2024\/12\/customer-service-150x150.webp 150w\" sizes=\"(max-width: 512px) 100vw, 512px\" title=\"\">\t\t\t\t\t\t\t\t\t\t\t\t\t\t\t<\/div>\n\t\t\t\t<\/div>\n\t\t\t\t<div class=\"elementor-element elementor-element-da42971 elementor-widget elementor-widget-image-box\" data-id=\"da42971\" data-element_type=\"widget\" data-widget_type=\"image-box.default\">\n\t\t\t\t<div class=\"elementor-widget-container\">\n\t\t\t\t\t<div class=\"elementor-image-box-wrapper\"><div class=\"elementor-image-box-content\"><h3 class=\"elementor-image-box-title\">M\u00fc\u015fteri Odakl\u0131l\u0131k<\/h3><p class=\"elementor-image-box-description\"><span style=\"font-family: -webkit-standard;font-size: medium\">AKOR Makina, uzun vadeli ba\u015far\u0131y\u0131 garantilemek i\u00e7in ki\u015fiselle\u015ftirilmi\u015f \u00e7\u00f6z\u00fcmler, ola\u011fan\u00fcst\u00fc hizmet ve s\u00fcrekli destek sa\u011flayarak m\u00fc\u015fteri memnuniyetini \u00f6n planda tutmaktad\u0131r.<\/span><\/p><\/div><\/div>\t\t\t\t<\/div>\n\t\t\t\t<\/div>\n\t\t\t\t<\/div>\n\t\t<div class=\"elementor-element elementor-element-5d7f093 e-con-full e-flex e-con e-child\" data-id=\"5d7f093\" data-element_type=\"container\" data-settings=\"{&quot;background_background&quot;:&quot;classic&quot;}\">\n\t\t\t\t<div class=\"elementor-element elementor-element-4f6d6b9 elementor-widget elementor-widget-image\" data-id=\"4f6d6b9\" data-element_type=\"widget\" data-widget_type=\"image.default\">\n\t\t\t\t<div class=\"elementor-widget-container\">\n\t\t\t\t\t\t\t\t\t\t\t\t\t\t\t<img loading=\"lazy\" decoding=\"async\" width=\"512\" height=\"512\" src=\"https:\/\/razorwiremachines.com\/wp-content\/uploads\/2024\/12\/competitive.webp\" class=\"attachment-full size-full wp-image-362\" alt=\"\" srcset=\"https:\/\/razorwiremachines.com\/wp-content\/uploads\/2024\/12\/competitive.webp 512w, https:\/\/razorwiremachines.com\/wp-content\/uploads\/2024\/12\/competitive-300x300.webp 300w, https:\/\/razorwiremachines.com\/wp-content\/uploads\/2024\/12\/competitive-150x150.webp 150w\" sizes=\"(max-width: 512px) 100vw, 512px\" title=\"\">\t\t\t\t\t\t\t\t\t\t\t\t\t\t\t<\/div>\n\t\t\t\t<\/div>\n\t\t\t\t<div class=\"elementor-element elementor-element-dc63c44 elementor-widget elementor-widget-image-box\" data-id=\"dc63c44\" data-element_type=\"widget\" data-widget_type=\"image-box.default\">\n\t\t\t\t<div class=\"elementor-widget-container\">\n\t\t\t\t\t<div class=\"elementor-image-box-wrapper\"><div class=\"elementor-image-box-content\"><h3 class=\"elementor-image-box-title\">Rekabet Avantaj\u0131<\/h3><p class=\"elementor-image-box-description\"><span style=\"font-family: -webkit-standard;font-size: medium\">AKOR Makina&#039;y\u0131 tercih ederek, sekt\u00f6r lideri teknolojiye, uygun maliyetli \u00e7\u00f6z\u00fcmlere ve ba\u015far\u0131n\u0131za kendini adam\u0131\u015f \u00f6zel bir ekibe eri\u015fim sa\u011flayarak rekabette bir ad\u0131m \u00f6ne ge\u00e7ersiniz.<\/span><\/p><\/div><\/div>\t\t\t\t<\/div>\n\t\t\t\t<\/div>\n\t\t\t\t<\/div>\n\t\t\t\t<\/div>\n\t\t\t\t\t<\/div>\n\t\t\t\t<\/div>\n\t\t\t\t<\/div>","protected":false},"excerpt":{"rendered":"<p>Why choose AKOR Makina Cutting-Edge Technology AKOR Makina consistently pushes the boundaries of razor wire production technology, offering cutting-edge solutions that enhance efficiency, precision, and overall output. Unmatched Reliability With years of experience and a strong track record of success, AKOR Makina delivers robust and reliable machinery that minimizes downtime and maximizes productivity. Customer Focus [&hellip;]<\/p>","protected":false},"author":1,"featured_media":0,"parent":0,"menu_order":0,"comment_status":"closed","ping_status":"closed","template":"","meta":{"footnotes":""},"class_list":["post-205","page","type-page","status-publish","hentry"],"_links":{"self":[{"href":"https:\/\/razorwiremachines.com\/tr\/wp-json\/wp\/v2\/pages\/205","targetHints":{"allow":["GET"]}}],"collection":[{"href":"https:\/\/razorwiremachines.com\/tr\/wp-json\/wp\/v2\/pages"}],"about":[{"href":"https:\/\/razorwiremachines.com\/tr\/wp-json\/wp\/v2\/types\/page"}],"author":[{"embeddable":true,"href":"https:\/\/razorwiremachines.com\/tr\/wp-json\/wp\/v2\/users\/1"}],"replies":[{"embeddable":true,"href":"https:\/\/razorwiremachines.com\/tr\/wp-json\/wp\/v2\/comments?post=205"}],"version-history":[{"count":25,"href":"https:\/\/razorwiremachines.com\/tr\/wp-json\/wp\/v2\/pages\/205\/revisions"}],"predecessor-version":[{"id":545,"href":"https:\/\/razorwiremachines.com\/tr\/wp-json\/wp\/v2\/pages\/205\/revisions\/545"}],"wp:attachment":[{"href":"https:\/\/razorwiremachines.com\/tr\/wp-json\/wp\/v2\/media?parent=205"}],"curies":[{"name":"wp","href":"https:\/\/api.w.org\/{rel}","templated":true}]}}